{"id":19066,"date":"2023-05-11T13:32:33","date_gmt":"2023-05-11T17:32:33","guid":{"rendered":"https:\/\/makabane.wpengine.com\/our-group-getaway-cottages\/"},"modified":"2026-03-02T03:01:24","modified_gmt":"2026-03-02T07:01:24","slug":"our-group-getaway-cottages","status":"publish","type":"page","link":"https:\/\/makabane.com\/en\/our-group-getaway-cottages\/","title":{"rendered":"Our group getaway cottages"},"content":{"rendered":"\t\t<div data-elementor-type=\"wp-page\" data-elementor-id=\"19066\" class=\"elementor elementor-19066 elementor-18863\" data-elementor-post-type=\"page\">\n\t\t\t\t\t\t<section class=\"elementor-section elementor-top-section elementor-element elementor-element-a1ab3bb elementor-section-height-min-height elementor-section-content-middle elementor-section-boxed elementor-section-height-default elementor-section-items-middle\" data-id=\"a1ab3bb\" data-element_type=\"section\" data-e-type=\"section\" data-settings=\"{&quot;background_background&quot;:&quot;classic&quot;}\">\n\t\t\t\t\t\t\t<div class=\"elementor-background-overlay\"><\/div>\n\t\t\t\t\t\t\t<div class=\"elementor-container elementor-column-gap-default\">\n\t\t\t\t\t<div class=\"elementor-column elementor-col-100 elementor-top-column elementor-element elementor-element-243110c\" data-id=\"243110c\" data-element_type=\"column\" data-e-type=\"column\" data-settings=\"{&quot;background_background&quot;:&quot;classic&quot;}\">\n\t\t\t<div class=\"elementor-widget-wrap elementor-element-populated\">\n\t\t\t\t\t\t<section class=\"elementor-section elementor-inner-section elementor-element elementor-element-22e98d4 elementor-section-boxed elementor-section-height-default elementor-section-height-default\" data-id=\"22e98d4\" data-element_type=\"section\" data-e-type=\"section\">\n\t\t\t\t\t\t<div class=\"elementor-container elementor-column-gap-default\">\n\t\t\t\t\t<div class=\"elementor-column elementor-col-100 elementor-inner-column elementor-element elementor-element-9224e0f\" data-id=\"9224e0f\" data-element_type=\"column\" data-e-type=\"column\">\n\t\t\t<div class=\"elementor-widget-wrap elementor-element-populated\">\n\t\t\t\t\t\t<div class=\"elementor-element elementor-element-ed7ee2a elementor-widget elementor-widget-heading\" data-id=\"ed7ee2a\" data-element_type=\"widget\" data-e-type=\"widget\" data-widget_type=\"heading.default\">\n\t\t\t\t<div class=\"elementor-widget-container\">\n\t\t\t\t\t<h1 class=\"elementor-heading-title elementor-size-default\">Group getaway cottages<\/h1>\t\t\t\t<\/div>\n\t\t\t\t<\/div>\n\t\t\t\t\t<\/div>\n\t\t<\/div>\n\t\t\t\t\t<\/div>\n\t\t<\/section>\n\t\t\t\t\t<\/div>\n\t\t<\/div>\n\t\t\t\t\t<\/div>\n\t\t<\/section>\n\t\t\t\t<section class=\"elementor-section elementor-top-section elementor-element elementor-element-804aadc elementor-section-boxed elementor-section-height-default elementor-section-height-default\" data-id=\"804aadc\" data-element_type=\"section\" data-e-type=\"section\">\n\t\t\t\t\t\t<div class=\"elementor-container elementor-column-gap-default\">\n\t\t\t\t\t<div class=\"elementor-column elementor-col-100 elementor-top-column elementor-element elementor-element-2faaed6e\" data-id=\"2faaed6e\" data-element_type=\"column\" data-e-type=\"column\">\n\t\t\t<div class=\"elementor-widget-wrap elementor-element-populated\">\n\t\t\t\t\t\t<div class=\"elementor-element elementor-element-153a7a91 elementor-widget elementor-widget-shortcode\" data-id=\"153a7a91\" data-element_type=\"widget\" data-e-type=\"widget\" data-widget_type=\"shortcode.default\">\n\t\t\t\t<div class=\"elementor-widget-container\">\n\t\t\t\t\t<div class=\"les--chalets\"><a target=\"__blank\" href=\"https:\/\/booking.makabane.com\/en\/properties\/68250abaf0e4fc001afb7707\" class=\"une--chalet\"><img decoding=\"async\" src=\"https:\/\/assets.guesty.com\/image\/upload\/v1776726141\/production\/65cb786f36da152bda20cb1d\/olkz8sjy0whugdsqyoln.jpg\"><div class=\"ville-region\">Saint-C\u00f4me, Lanaudi\u00e8re<\/div><h3>Chalet Ankoay - Private Hot-Tub, Ski Val St-C\u00f4me 10min<\/h3><span>8 personnes<\/span><\/a><a target=\"__blank\" href=\"https:\/\/booking.makabane.com\/en\/properties\/674de1165244ab001162622c\" class=\"une--chalet\"><img decoding=\"async\" src=\"https:\/\/assets.guesty.com\/image\/upload\/v1776975981\/production\/65cb786f36da152bda20cb1d\/ziirwtqcziiawl0ptghd.jpg\"><div class=\"ville-region\">Mont-Tremblant, Laurentides<\/div><h3>Getaway in Mont-Tremblant Ski and Golf at L'Aiglon<\/h3><span>10 personnes<\/span><\/a><a target=\"__blank\" href=\"https:\/\/booking.makabane.com\/en\/properties\/661d2e422646080012251137\" class=\"une--chalet\"><img decoding=\"async\" src=\"https:\/\/assets.guesty.com\/image\/upload\/v1765503465\/production\/65cb786f36da152bda20cb1d\/lls7qd2dcxr6hqzxv4jh.jpg\"><div class=\"ville-region\">Lantier, Laurentides<\/div><h3>Lakeside Trails, Heated Spa & Ski Adventures<\/h3><span>12 personnes<\/span><\/a><a target=\"__blank\" href=\"https:\/\/booking.makabane.com\/en\/properties\/665a9274417cfa001308c8d1\" class=\"une--chalet\"><img decoding=\"async\" src=\"https:\/\/assets.guesty.com\/image\/upload\/v1766098338\/production\/65cb786f36da152bda20cb1d\/semkgzun0ms1qkoatwnb.jpg\"><div class=\"ville-region\">Saint-C\u00f4me, Lanaudi\u00e8re<\/div><h3>Chalet Isatis - Spa, Fireplace & Natural Setting<\/h3><span>12 personnes<\/span><\/a><a target=\"__blank\" href=\"https:\/\/booking.makabane.com\/en\/properties\/661d2ebebd3cc70011a678c5\" class=\"une--chalet\"><img decoding=\"async\" src=\"https:\/\/assets.guesty.com\/image\/upload\/v1766329280\/production\/65cb786f36da152bda20cb1d\/ayep0dhf9fuaaiszzp3n.jpg\"><div class=\"ville-region\">Val-des-Lacs, Laurentides<\/div><h3>Winter Chalet, Fireplace & Hot Tub Near Tremblant<\/h3><span>10 personnes<\/span><\/a><a target=\"__blank\" href=\"https:\/\/booking.makabane.com\/en\/properties\/685728a95f2eef00131bd618?\" class=\"une--chalet\"><img decoding=\"async\" src=\"https:\/\/assets.guesty.com\/image\/upload\/v1776728567\/production\/65cb786f36da152bda20cb1d\/isvhwuebhipthesy9wja.jpg\"><div class=\"ville-region\">Dunham, Estrie<\/div><h3>Le Selby | Waterfront Escape, Views & Vineyards<\/h3><span>8 personnes<\/span><\/a><a target=\"__blank\" href=\"https:\/\/booking.makabane.com\/en\/properties\/661d2daaf55857007a369d0b\" class=\"une--chalet\"><img decoding=\"async\" src=\"https:\/\/assets.guesty.com\/image\/upload\/v1776726106\/production\/65cb786f36da152bda20cb1d\/ltmzooe1qq1k5n7dyyss.jpg\"><div class=\"ville-region\">Chertsey, Lanaudi\u00e8re<\/div><h3>Le Pesca - Lakefront Retreat w\/Hot Tub, 20min to Montcalm Ski<\/h3><span>10 personnes<\/span><\/a><a target=\"__blank\" href=\"https:\/\/booking.makabane.com\/en\/properties\/661d2db7f55857007a36a1c7\" class=\"une--chalet\"><img decoding=\"async\" src=\"https:\/\/assets.guesty.com\/image\/upload\/v1776729448\/production\/65cb786f36da152bda20cb1d\/antezedn2d6asbvba3ns.jpg\"><div class=\"ville-region\">Petite-Rivi\u00e8re-Saint-Fran\u00e7ois, Charlevoix<\/div><h3>Villa Boreale - Wellness and relaxation<\/h3><span>12 personnes<\/span><\/a><a target=\"__blank\" href=\"https:\/\/booking.makabane.com\/en\/properties\/661d2d7d3e22f800818d70ea\" class=\"une--chalet\"><img decoding=\"async\" src=\"https:\/\/assets.guesty.com\/image\/upload\/v1776727030\/production\/65cb786f36da152bda20cb1d\/w3y2l5vnqvfcqmq4mqzx.jpg\"><div class=\"ville-region\">Chertsey, Lanaudi\u00e8re<\/div><h3>N\u00f4made - Spa, private lake access & stunning views<\/h3><span>8 personnes<\/span><\/a><a target=\"__blank\" href=\"https:\/\/booking.makabane.com\/en\/properties\/661d2ea1e8e2f100772ebc2f\" class=\"une--chalet\"><img decoding=\"async\" src=\"https:\/\/assets.guesty.com\/image\/upload\/v1776724953\/production\/65cb786f36da152bda20cb1d\/vpgzk5mdrnoewaitj4rv.jpg\"><div class=\"ville-region\">Chertsey, Lanaudi\u00e8re<\/div><h3>\u00d4 Sommet - Montcalm Slopes, Apr\u00e8s-Ski Sauna, Hot Tub & Arcade<\/h3><span>8 personnes<\/span><\/a><a target=\"__blank\" href=\"https:\/\/booking.makabane.com\/en\/properties\/66a543dbca1a4300132611ae\" class=\"une--chalet\"><img decoding=\"async\" src=\"https:\/\/assets.guesty.com\/image\/upload\/v1776726963\/production\/65cb786f36da152bda20cb1d\/kszz7j1n90xqh3yvchfg.jpg\"><div class=\"ville-region\">Chertsey, Lanaudi\u00e8re<\/div><h3>Chalet Nova - Spa, Sauna & in the Nature<\/h3><span>9 personnes<\/span><\/a><a target=\"__blank\" href=\"https:\/\/booking.makabane.com\/en\/properties\/661d2da42646080012250404\" class=\"une--chalet\"><img decoding=\"async\" src=\"https:\/\/assets.guesty.com\/image\/upload\/v1776726221\/production\/65cb786f36da152bda20cb1d\/ftfupxn90ewqsof8sld6.jpg\"><div class=\"ville-region\">Chertsey, Lanaudi\u00e8re<\/div><h3>Le Rep\u00f4s \u2013 Private lake access & cozy vibes<\/h3><span>13 personnes<\/span><\/a><a target=\"__blank\" href=\"\" class=\"une--chalet\"><img decoding=\"async\" src=\"https:\/\/assets.guesty.com\/image\/upload\/v1776979451\/production\/65cb786f36da152bda20cb1d\/mdruxfskvi2q0jkfwl3x.jpg\"><div class=\"ville-region\">Rawdon, Lanaudi\u00e8re<\/div><h3>Diamant Cache - Private Sauna \u2022 Forest Chalet \u2022 Total Disconnect<\/h3><span>9 personnes<\/span><\/a><a target=\"__blank\" href=\"\" class=\"une--chalet\"><img decoding=\"async\" src=\"https:\/\/assets.guesty.com\/image\/upload\/v1776979406\/production\/65cb786f36da152bda20cb1d\/bsjhii8kdjxwamtr0kwz.jpg\"><div class=\"ville-region\">Saint-C\u00f4me, Lanaudi\u00e8re<\/div><h3>Bali-Zen | Hot Tub \ud83c\udf3f Nature Chalet near Lake<\/h3><span>11 personnes<\/span><\/a><a target=\"__blank\" href=\"https:\/\/booking.makabane.com\/en\/properties\/661d2c8c3e22f800818d6327\" class=\"une--chalet\"><img decoding=\"async\" src=\"https:\/\/assets.guesty.com\/image\/upload\/v1725049584\/production\/65cb786f36da152bda20cb1d\/rrsrdprsa98v09wrkhk6.jpg\"><div class=\"ville-region\">Saint-Adolphe-d'Howard, Laurentides<\/div><h3>Entre Monts et Lac - Lake Access, Fire & Relax<\/h3><span>12 personnes<\/span><\/a><a target=\"__blank\" href=\"https:\/\/booking.makabane.com\/en\/properties\/6703ec37e332e40011176b29\" class=\"une--chalet\"><img decoding=\"async\" src=\"https:\/\/assets.guesty.com\/image\/upload\/v1730491940\/production\/65cb786f36da152bda20cb1d\/qftsgkksrifbdsye4jrt.jpg\"><div class=\"ville-region\">Chertsey, Lanaudi\u00e8re<\/div><h3>The Plein Sud : Winter Lakefront Chalet, Fireplace, Hot Tub & Ski<\/h3><span>10 personnes<\/span><\/a><a target=\"__blank\" href=\"https:\/\/booking.makabane.com\/en\/properties\/661d2e3780b0d30013cd4ad9\" class=\"une--chalet\"><img decoding=\"async\" src=\"https:\/\/assets.guesty.com\/image\/upload\/v1777222574\/production\/65cb786f36da152bda20cb1d\/uywc2ajuc4sesj0qu6ye.jpg\"><div class=\"ville-region\">Val-des-Lacs, Laurentides<\/div><h3>Montagnia Escape: Tremblant with Hot Tub & Sauna<\/h3><span>10 personnes<\/span><\/a><a target=\"__blank\" href=\"https:\/\/booking.makabane.com\/en\/properties\/661d2d419c74d0001373999f\" class=\"une--chalet\"><img decoding=\"async\" src=\"https:\/\/assets.guesty.com\/image\/upload\/v1776725142\/production\/65cb786f36da152bda20cb1d\/ht0gifr9xnm92lkt2v8p.jpg\"><div class=\"ville-region\">Saint-C\u00f4me, Lanaudi\u00e8re<\/div><h3>L'\u00c9chapp\u00e9e Belle- Lakefront Bliss, Private Spa Near Val Saint-C\u00f4me<\/h3><span>8 personnes<\/span><\/a><a target=\"__blank\" href=\"https:\/\/booking.makabane.com\/en\/properties\/661d2e292646080012250cca\" class=\"une--chalet\"><img decoding=\"async\" src=\"https:\/\/assets.guesty.com\/image\/upload\/v1713361964\/ee4alhfw59la18tabavw.jpg\"><div class=\"ville-region\">Amherst, Laurentides<\/div><h3>Peaceful Chalet Tremblant, hot tub lakes & Kayaks<\/h3><span>10 personnes<\/span><\/a><a target=\"__blank\" href=\"https:\/\/booking.makabane.com\/en\/properties\/661d2e4086058e0013cbb661\" class=\"une--chalet\"><img decoding=\"async\" src=\"https:\/\/assets.guesty.com\/image\/upload\/v1776716485\/production\/65cb786f36da152bda20cb1d\/gcg0e4zagpkk6zhoc8ou.jpg\"><div class=\"ville-region\">Sainte-B\u00e9atrix, Lanaudi\u00e8re<\/div><h3>Dix8 -Enjoy forest spa Hideaway Modern & Confort<\/h3><span>10 personnes<\/span><\/a><a target=\"__blank\" href=\"https:\/\/booking.makabane.com\/en\/properties\/661d2d20e8e2f100772eab0f\" class=\"une--chalet\"><img decoding=\"async\" src=\"https:\/\/assets.guesty.com\/image\/upload\/v1776726069\/production\/65cb786f36da152bda20cb1d\/mn5crqugqspceqj1kyjs.jpg\"><div class=\"ville-region\">Saint-C\u00f4me, Lanaudi\u00e8re<\/div><h3>The Nordet - Stunning Mountain Views, Hot Tub & Sainte-C\u00f4me Ski<\/h3><span>11 personnes<\/span><\/a><a target=\"__blank\" href=\"https:\/\/booking.makabane.com\/en\/properties\/661d2d7ebd73d20079f8dad0\" class=\"une--chalet\"><img decoding=\"async\" src=\"https:\/\/assets.guesty.com\/image\/upload\/v1776729413\/production\/65cb786f36da152bda20cb1d\/vzvqkxlic4rcnr3hz3ng.jpg\"><div class=\"ville-region\">Mansonville, Estrie<\/div><h3>Le Fitzsimmons - Great views Owl's Head, SPA, Hikes<\/h3><span>10 personnes<\/span><\/a><a target=\"__blank\" href=\"https:\/\/booking.makabane.com\/en\/properties\/661d2dbd9c74d0001373a758\" class=\"une--chalet\"><img decoding=\"async\" src=\"https:\/\/assets.guesty.com\/image\/upload\/v1776729374\/production\/65cb786f36da152bda20cb1d\/ihh47jwzer0xmhyxatyp.jpg\"><div class=\"ville-region\">Mansonville, Estrie<\/div><h3>Chalet \u00e0 L\u00e9o- Spacious & elegant, view of Jay Peak<\/h3><span>12 personnes<\/span><\/a><a target=\"__blank\" href=\"https:\/\/booking.makabane.com\/en\/properties\/661d2ec75606e3001357b50e\" class=\"une--chalet\"><img decoding=\"async\" src=\"https:\/\/assets.guesty.com\/image\/upload\/v1776723958\/production\/65cb786f36da152bda20cb1d\/troeok5hs8cspckhgbom.jpg\"><div class=\"ville-region\">Sainte-B\u00e9atrix, Lanaudi\u00e8re<\/div><h3>Chalet w Private hot tub, sauna, cold plunge<\/h3><span>10 personnes<\/span><\/a><a target=\"__blank\" href=\"https:\/\/booking.makabane.com\/en\/properties\/68555d9836863a0013f4066a\" class=\"une--chalet\"><img decoding=\"async\" src=\"https:\/\/assets.guesty.com\/image\/upload\/v1766352894\/production\/65cb786f36da152bda20cb1d\/osg76dideushztrml92b.jpg\"><div class=\"ville-region\">Mansonville, Estrie<\/div><h3>Spa Retreat with Jay Peak Views   <\/h3><span>12 personnes<\/span><\/a><a target=\"__blank\" href=\"https:\/\/booking.makabane.com\/en\/properties\/661d2d75d561050011811b43\" class=\"une--chalet\"><img decoding=\"async\" src=\"https:\/\/assets.guesty.com\/image\/upload\/v1776724000\/production\/65cb786f36da152bda20cb1d\/wjbwj1uvcdzvjyri41ym.jpg\"><div class=\"ville-region\">Saint-C\u00f4me, Lanaudi\u00e8re<\/div><h3>Le Cozy-St-C\u00f4me- Winter Lakeside Escape, Hot Tub, & Val St-C\u00f4me Ski<\/h3><span>8 personnes<\/span><\/a><a target=\"__blank\" href=\"https:\/\/booking.makabane.com\/en\/properties\/661d2c9499640a007b3c1149\" class=\"une--chalet\"><img decoding=\"async\" src=\"https:\/\/assets.guesty.com\/image\/upload\/v1766353504\/production\/65cb786f36da152bda20cb1d\/ikgq6q6j1bhzjzxk4spx.jpg\"><div class=\"ville-region\">Orford, Estrie<\/div><h3>L'Orford Forest Dream: Hot Tub, Fireplace & Views<\/h3><span>10 personnes<\/span><\/a><a target=\"__blank\" href=\"https:\/\/booking.makabane.com\/en\/properties\/661d2d5cbd73d20079f8d509\" class=\"une--chalet\"><img decoding=\"async\" src=\"https:\/\/assets.guesty.com\/image\/upload\/v1766098014\/production\/65cb786f36da152bda20cb1d\/q5qhmkeoxjopxgckxet6.jpg\"><div class=\"ville-region\">Saint-C\u00f4me, Lanaudi\u00e8re<\/div><h3>Le Club House - Roof Jacuzzi<\/h3><span>9 personnes<\/span><\/a><a target=\"__blank\" href=\"https:\/\/booking.makabane.com\/en\/properties\/661d2df8a1436d007b15fe94\" class=\"une--chalet\"><img decoding=\"async\" src=\"https:\/\/assets.guesty.com\/image\/upload\/v1776728756\/production\/65cb786f36da152bda20cb1d\/qixmwf7exe3sqrgtyl7m.jpg\"><div class=\"ville-region\">Eastman, Estrie<\/div><h3>Le Bois Debout - Lake & Trails at the Vertendre<\/h3><span>8 personnes<\/span><\/a><a target=\"__blank\" href=\"https:\/\/booking.makabane.com\/en\/properties\/661d2d0a731fd60080717d0a\" class=\"une--chalet\"><img decoding=\"async\" src=\"https:\/\/assets.guesty.com\/image\/upload\/v1776727061\/production\/65cb786f36da152bda20cb1d\/upwlyp7watgv1rq66q1c.jpg\"><div class=\"ville-region\">Saint-C\u00f4me, Lanaudi\u00e8re<\/div><h3>Roof top - SPA - Fire pit - Le Moki<\/h3><span>10 personnes<\/span><\/a><a target=\"__blank\" href=\"https:\/\/booking.makabane.com\/en\/properties\/661d2e2c80b0d30013cd46f5\" class=\"une--chalet\"><img decoding=\"async\" src=\"https:\/\/assets.guesty.com\/image\/upload\/v1766356142\/production\/65cb786f36da152bda20cb1d\/o0wmcnqshlm7p2uah4jj.jpg\"><div class=\"ville-region\">Sainte-B\u00e9atrix, Lanaudi\u00e8re<\/div><h3>Kensho - Nature Escape, Hot Tub & Fireplace <\/h3><span>10 personnes<\/span><\/a><a target=\"__blank\" href=\"https:\/\/booking.makabane.com\/en\/properties\/661d2d4ebd73d20079f8cb32\" class=\"une--chalet\"><img decoding=\"async\" src=\"https:\/\/assets.guesty.com\/image\/upload\/v1776725002\/production\/65cb786f36da152bda20cb1d\/sfcxbancnxc4mub6gag0.jpg\"><div class=\"ville-region\">Saint-C\u00f4me, Lanaudi\u00e8re<\/div><h3>Le Vertige \u2013 Spa and Sauna, Val Saint-C\u00f4me<\/h3><span>11 personnes<\/span><\/a><a target=\"__blank\" href=\"https:\/\/booking.makabane.com\/en\/properties\/661d2f0fbd73d20079f8e94a\" class=\"une--chalet\"><img decoding=\"async\" src=\"https:\/\/assets.guesty.com\/image\/upload\/v1776975816\/production\/65cb786f36da152bda20cb1d\/ubkvzixpkbilhdyu3g6q.jpg\"><div class=\"ville-region\">Amherst, Laurentides<\/div><h3>Nature Escape Near Tremblant: Hot Tub & Lake access<\/h3><span>10 personnes<\/span><\/a><\/div>\t\t<div class=\"elementor-shortcode\"><\/div>\n\t\t\t\t\t\t<\/div>\n\t\t\t\t<\/div>\n\t\t\t\t\t<\/div>\n\t\t<\/div>\n\t\t\t\t\t<\/div>\n\t\t<\/section>\n\t\t\t\t<\/div>\n\t\t","protected":false},"excerpt":{"rendered":"<p>Group getaway cottages<\/p>\n","protected":false},"author":6,"featured_media":0,"parent":0,"menu_order":0,"comment_status":"closed","ping_status":"closed","template":"","meta":{"footnotes":""},"class_list":["post-19066","page","type-page","status-publish","hentry"],"acf":[],"yoast_head":"<!-- This site is optimized with the Yoast SEO plugin v27.0 - https:\/\/yoast.com\/product\/yoast-seo-wordpress\/ -->\n<title>Our group getaway cottages - Ma Kabane<\/title>\n<meta name=\"description\" content=\"Group getaway cottages Ma Kabane: large chalets for 10+ people in Laurentides, Lanaudi\u00e8re &amp; Estrie. Perfect for reunions &amp; celebrations. Book your stay!\" \/>\n<meta name=\"robots\" content=\"index, follow, max-snippet:-1, max-image-preview:large, max-video-preview:-1\" \/>\n<link rel=\"canonical\" href=\"https:\/\/makabane.com\/en\/our-group-getaway-cottages\/\" \/>\n<meta property=\"og:locale\" content=\"en_US\" \/>\n<meta property=\"og:type\" content=\"article\" \/>\n<meta property=\"og:title\" content=\"Our group getaway cottages - Ma Kabane\" \/>\n<meta property=\"og:description\" content=\"Group getaway cottages Ma Kabane: large chalets for 10+ people in Laurentides, Lanaudi\u00e8re &amp; Estrie. Perfect for reunions &amp; celebrations. Book your stay!\" \/>\n<meta property=\"og:url\" content=\"https:\/\/makabane.com\/en\/our-group-getaway-cottages\/\" \/>\n<meta property=\"og:site_name\" content=\"Ma Kabane\" \/>\n<meta property=\"article:modified_time\" content=\"2026-03-02T07:01:24+00:00\" \/>\n<meta name=\"twitter:card\" content=\"summary_large_image\" \/>\n<meta name=\"twitter:title\" content=\"Our group getaway cottages - Ma Kabane\" \/>\n<meta name=\"twitter:description\" content=\"Group getaway cottages Ma Kabane: large chalets for 10+ people in Laurentides, Lanaudi\u00e8re &amp; Estrie. Perfect for reunions &amp; celebrations. Book your stay!\" \/>\n<meta name=\"twitter:label1\" content=\"Est. reading time\" \/>\n\t<meta name=\"twitter:data1\" content=\"1 minute\" \/>\n<script type=\"application\/ld+json\" class=\"yoast-schema-graph\">{\"@context\":\"https:\/\/schema.org\",\"@graph\":[{\"@type\":\"WebPage\",\"@id\":\"https:\/\/makabane.com\/en\/our-group-getaway-cottages\/\",\"url\":\"https:\/\/makabane.com\/en\/our-group-getaway-cottages\/\",\"name\":\"Our group getaway cottages - Ma Kabane\",\"isPartOf\":{\"@id\":\"https:\/\/makabane.com\/#website\"},\"datePublished\":\"2023-05-11T17:32:33+00:00\",\"dateModified\":\"2026-03-02T07:01:24+00:00\",\"description\":\"Group getaway cottages Ma Kabane: large chalets for 10+ people in Laurentides, Lanaudi\u00e8re & Estrie. Perfect for reunions & celebrations. Book your stay!\",\"breadcrumb\":{\"@id\":\"https:\/\/makabane.com\/en\/our-group-getaway-cottages\/#breadcrumb\"},\"inLanguage\":\"en-CA\",\"potentialAction\":[{\"@type\":\"ReadAction\",\"target\":[\"https:\/\/makabane.com\/en\/our-group-getaway-cottages\/\"]}]},{\"@type\":\"BreadcrumbList\",\"@id\":\"https:\/\/makabane.com\/en\/our-group-getaway-cottages\/#breadcrumb\",\"itemListElement\":[{\"@type\":\"ListItem\",\"position\":1,\"name\":\"Accueil\",\"item\":\"https:\/\/makabane.com\/en\/\"},{\"@type\":\"ListItem\",\"position\":2,\"name\":\"Our group getaway cottages\"}]},{\"@type\":\"WebSite\",\"@id\":\"https:\/\/makabane.com\/#website\",\"url\":\"https:\/\/makabane.com\/\",\"name\":\"Ma Kabane\",\"description\":\"Location court terme\",\"publisher\":{\"@id\":\"https:\/\/makabane.com\/#organization\"},\"potentialAction\":[{\"@type\":\"SearchAction\",\"target\":{\"@type\":\"EntryPoint\",\"urlTemplate\":\"https:\/\/makabane.com\/?s={search_term_string}\"},\"query-input\":{\"@type\":\"PropertyValueSpecification\",\"valueRequired\":true,\"valueName\":\"search_term_string\"}}],\"inLanguage\":\"en-CA\"},{\"@type\":\"Organization\",\"@id\":\"https:\/\/makabane.com\/#organization\",\"name\":\"Ma Kabane\",\"url\":\"https:\/\/makabane.com\/\",\"logo\":{\"@type\":\"ImageObject\",\"inLanguage\":\"en-CA\",\"@id\":\"https:\/\/makabane.com\/#\/schema\/logo\/image\/\",\"url\":\"https:\/\/makabane.com\/wp-content\/uploads\/2022\/06\/logo_kabane-1.svg\",\"contentUrl\":\"https:\/\/makabane.com\/wp-content\/uploads\/2022\/06\/logo_kabane-1.svg\",\"width\":60,\"height\":74,\"caption\":\"Ma Kabane\"},\"image\":{\"@id\":\"https:\/\/makabane.com\/#\/schema\/logo\/image\/\"}}]}<\/script>\n<!-- \/ Yoast SEO plugin. -->","yoast_head_json":{"title":"Our group getaway cottages - Ma Kabane","description":"Group getaway cottages Ma Kabane: large chalets for 10+ people in Laurentides, Lanaudi\u00e8re & Estrie. Perfect for reunions & celebrations. Book your stay!","robots":{"index":"index","follow":"follow","max-snippet":"max-snippet:-1","max-image-preview":"max-image-preview:large","max-video-preview":"max-video-preview:-1"},"canonical":"https:\/\/makabane.com\/en\/our-group-getaway-cottages\/","og_locale":"en_US","og_type":"article","og_title":"Our group getaway cottages - Ma Kabane","og_description":"Group getaway cottages Ma Kabane: large chalets for 10+ people in Laurentides, Lanaudi\u00e8re & Estrie. Perfect for reunions & celebrations. Book your stay!","og_url":"https:\/\/makabane.com\/en\/our-group-getaway-cottages\/","og_site_name":"Ma Kabane","article_modified_time":"2026-03-02T07:01:24+00:00","twitter_card":"summary_large_image","twitter_title":"Our group getaway cottages - Ma Kabane","twitter_description":"Group getaway cottages Ma Kabane: large chalets for 10+ people in Laurentides, Lanaudi\u00e8re & Estrie. Perfect for reunions & celebrations. Book your stay!","twitter_misc":{"Est. reading time":"1 minute"},"schema":{"@context":"https:\/\/schema.org","@graph":[{"@type":"WebPage","@id":"https:\/\/makabane.com\/en\/our-group-getaway-cottages\/","url":"https:\/\/makabane.com\/en\/our-group-getaway-cottages\/","name":"Our group getaway cottages - Ma Kabane","isPartOf":{"@id":"https:\/\/makabane.com\/#website"},"datePublished":"2023-05-11T17:32:33+00:00","dateModified":"2026-03-02T07:01:24+00:00","description":"Group getaway cottages Ma Kabane: large chalets for 10+ people in Laurentides, Lanaudi\u00e8re & Estrie. Perfect for reunions & celebrations. Book your stay!","breadcrumb":{"@id":"https:\/\/makabane.com\/en\/our-group-getaway-cottages\/#breadcrumb"},"inLanguage":"en-CA","potentialAction":[{"@type":"ReadAction","target":["https:\/\/makabane.com\/en\/our-group-getaway-cottages\/"]}]},{"@type":"BreadcrumbList","@id":"https:\/\/makabane.com\/en\/our-group-getaway-cottages\/#breadcrumb","itemListElement":[{"@type":"ListItem","position":1,"name":"Accueil","item":"https:\/\/makabane.com\/en\/"},{"@type":"ListItem","position":2,"name":"Our group getaway cottages"}]},{"@type":"WebSite","@id":"https:\/\/makabane.com\/#website","url":"https:\/\/makabane.com\/","name":"Ma Kabane","description":"Location court terme","publisher":{"@id":"https:\/\/makabane.com\/#organization"},"potentialAction":[{"@type":"SearchAction","target":{"@type":"EntryPoint","urlTemplate":"https:\/\/makabane.com\/?s={search_term_string}"},"query-input":{"@type":"PropertyValueSpecification","valueRequired":true,"valueName":"search_term_string"}}],"inLanguage":"en-CA"},{"@type":"Organization","@id":"https:\/\/makabane.com\/#organization","name":"Ma Kabane","url":"https:\/\/makabane.com\/","logo":{"@type":"ImageObject","inLanguage":"en-CA","@id":"https:\/\/makabane.com\/#\/schema\/logo\/image\/","url":"https:\/\/makabane.com\/wp-content\/uploads\/2022\/06\/logo_kabane-1.svg","contentUrl":"https:\/\/makabane.com\/wp-content\/uploads\/2022\/06\/logo_kabane-1.svg","width":60,"height":74,"caption":"Ma Kabane"},"image":{"@id":"https:\/\/makabane.com\/#\/schema\/logo\/image\/"}}]}},"_links":{"self":[{"href":"https:\/\/makabane.com\/en\/wp-json\/wp\/v2\/pages\/19066","targetHints":{"allow":["GET"]}}],"collection":[{"href":"https:\/\/makabane.com\/en\/wp-json\/wp\/v2\/pages"}],"about":[{"href":"https:\/\/makabane.com\/en\/wp-json\/wp\/v2\/types\/page"}],"author":[{"embeddable":true,"href":"https:\/\/makabane.com\/en\/wp-json\/wp\/v2\/users\/6"}],"replies":[{"embeddable":true,"href":"https:\/\/makabane.com\/en\/wp-json\/wp\/v2\/comments?post=19066"}],"version-history":[{"count":0,"href":"https:\/\/makabane.com\/en\/wp-json\/wp\/v2\/pages\/19066\/revisions"}],"wp:attachment":[{"href":"https:\/\/makabane.com\/en\/wp-json\/wp\/v2\/media?parent=19066"}],"curies":[{"name":"wp","href":"https:\/\/api.w.org\/{rel}","templated":true}]}}