{"id":19063,"date":"2023-05-11T13:29:31","date_gmt":"2023-05-11T17:29:31","guid":{"rendered":"https:\/\/makabane.wpengine.com\/our-waterside-cottages\/"},"modified":"2026-03-02T02:58:33","modified_gmt":"2026-03-02T06:58:33","slug":"our-waterside-cottages","status":"publish","type":"page","link":"https:\/\/makabane.com\/en\/our-waterside-cottages\/","title":{"rendered":"Our waterside cottages"},"content":{"rendered":"\t\t<div data-elementor-type=\"wp-page\" data-elementor-id=\"19063\" class=\"elementor elementor-19063 elementor-18858\" data-elementor-post-type=\"page\">\n\t\t\t\t\t\t<section class=\"elementor-section elementor-top-section elementor-element elementor-element-613daf6 elementor-section-height-min-height elementor-section-content-middle elementor-section-boxed elementor-section-height-default elementor-section-items-middle\" data-id=\"613daf6\" data-element_type=\"section\" data-e-type=\"section\" data-settings=\"{&quot;background_background&quot;:&quot;classic&quot;}\">\n\t\t\t\t\t\t\t<div class=\"elementor-background-overlay\"><\/div>\n\t\t\t\t\t\t\t<div class=\"elementor-container elementor-column-gap-default\">\n\t\t\t\t\t<div class=\"elementor-column elementor-col-100 elementor-top-column elementor-element elementor-element-9af9228\" data-id=\"9af9228\" data-element_type=\"column\" data-e-type=\"column\" data-settings=\"{&quot;background_background&quot;:&quot;classic&quot;}\">\n\t\t\t<div class=\"elementor-widget-wrap elementor-element-populated\">\n\t\t\t\t\t\t<section class=\"elementor-section elementor-inner-section elementor-element elementor-element-1b3815c elementor-section-boxed elementor-section-height-default elementor-section-height-default\" data-id=\"1b3815c\" data-element_type=\"section\" data-e-type=\"section\">\n\t\t\t\t\t\t<div class=\"elementor-container elementor-column-gap-default\">\n\t\t\t\t\t<div class=\"elementor-column elementor-col-100 elementor-inner-column elementor-element elementor-element-c7b4e6b\" data-id=\"c7b4e6b\" data-element_type=\"column\" data-e-type=\"column\">\n\t\t\t<div class=\"elementor-widget-wrap elementor-element-populated\">\n\t\t\t\t\t\t<div class=\"elementor-element elementor-element-a8b1d59 elementor-widget elementor-widget-heading\" data-id=\"a8b1d59\" data-element_type=\"widget\" data-e-type=\"widget\" data-widget_type=\"heading.default\">\n\t\t\t\t<div class=\"elementor-widget-container\">\n\t\t\t\t\t<h1 class=\"elementor-heading-title elementor-size-default\">Waterfront cottages<\/h1>\t\t\t\t<\/div>\n\t\t\t\t<\/div>\n\t\t\t\t\t<\/div>\n\t\t<\/div>\n\t\t\t\t\t<\/div>\n\t\t<\/section>\n\t\t\t\t\t<\/div>\n\t\t<\/div>\n\t\t\t\t\t<\/div>\n\t\t<\/section>\n\t\t\t\t<section class=\"elementor-section elementor-top-section elementor-element elementor-element-61c867ca elementor-section-boxed elementor-section-height-default elementor-section-height-default\" data-id=\"61c867ca\" data-element_type=\"section\" data-e-type=\"section\">\n\t\t\t\t\t\t<div class=\"elementor-container elementor-column-gap-default\">\n\t\t\t\t\t<div class=\"elementor-column elementor-col-100 elementor-top-column elementor-element elementor-element-7f86363\" data-id=\"7f86363\" data-element_type=\"column\" data-e-type=\"column\">\n\t\t\t<div class=\"elementor-widget-wrap elementor-element-populated\">\n\t\t\t\t\t\t<div class=\"elementor-element elementor-element-6dd49f2d elementor-widget elementor-widget-shortcode\" data-id=\"6dd49f2d\" data-element_type=\"widget\" data-e-type=\"widget\" data-widget_type=\"shortcode.default\">\n\t\t\t\t<div class=\"elementor-widget-container\">\n\t\t\t\t\t<div class=\"les--chalets\"><a target=\"__blank\" href=\"https:\/\/booking.makabane.com\/en\/properties\/661d2d75d561050011811b43\" class=\"une--chalet\"><img decoding=\"async\" src=\"https:\/\/assets.guesty.com\/image\/upload\/v1776724000\/production\/65cb786f36da152bda20cb1d\/wjbwj1uvcdzvjyri41ym.jpg\"><div class=\"ville-region\">Saint-C\u00f4me, Lanaudi\u00e8re<\/div><h3>Le Cozy-St-C\u00f4me- Winter Lakeside Escape, Hot Tub, & Val St-C\u00f4me Ski<\/h3><span>8 personnes<\/span><\/a><a target=\"__blank\" href=\"https:\/\/booking.makabane.com\/en\/properties\/6703ec37e332e40011176b29\" class=\"une--chalet\"><img decoding=\"async\" src=\"https:\/\/assets.guesty.com\/image\/upload\/v1730491940\/production\/65cb786f36da152bda20cb1d\/qftsgkksrifbdsye4jrt.jpg\"><div class=\"ville-region\">Chertsey, Lanaudi\u00e8re<\/div><h3>The Plein Sud : Winter Lakefront Chalet, Fireplace, Hot Tub & Ski<\/h3><span>10 personnes<\/span><\/a><a target=\"__blank\" href=\"\" class=\"une--chalet\"><img decoding=\"async\" src=\"https:\/\/assets.guesty.com\/image\/upload\/v1776979406\/production\/65cb786f36da152bda20cb1d\/bsjhii8kdjxwamtr0kwz.jpg\"><div class=\"ville-region\">Saint-C\u00f4me, Lanaudi\u00e8re<\/div><h3>Bali-Zen | Hot Tub \ud83c\udf3f Nature Chalet near Lake<\/h3><span>11 personnes<\/span><\/a><a target=\"__blank\" href=\"https:\/\/booking.makabane.com\/en\/properties\/661d2d7d3e22f800818d70ea\" class=\"une--chalet\"><img decoding=\"async\" src=\"https:\/\/assets.guesty.com\/image\/upload\/v1776727030\/production\/65cb786f36da152bda20cb1d\/w3y2l5vnqvfcqmq4mqzx.jpg\"><div class=\"ville-region\">Chertsey, Lanaudi\u00e8re<\/div><h3>N\u00f4made - Spa, private lake access & stunning views<\/h3><span>8 personnes<\/span><\/a><a target=\"__blank\" href=\"https:\/\/booking.makabane.com\/en\/properties\/66f31a678a3e8e00101a42f6\" class=\"une--chalet\"><img decoding=\"async\" src=\"https:\/\/assets.guesty.com\/image\/upload\/v1776729311\/production\/65cb786f36da152bda20cb1d\/v1ivwfcm9xgxsjzc4lxb.jpg\"><div class=\"ville-region\">Mansonville, Estrie<\/div><h3>The Owl's Nest - Lakeside peacefulness, ski & hiking<\/h3><span>4 personnes<\/span><\/a><a target=\"__blank\" href=\"https:\/\/booking.makabane.com\/en\/properties\/661d2d7a99640a007b3c2168\" class=\"une--chalet\"><img decoding=\"async\" src=\"https:\/\/assets.guesty.com\/image\/upload\/v1777224040\/production\/65cb786f36da152bda20cb1d\/gcir5dbxf4yd9dkmahrv.jpg\"><div class=\"ville-region\">Mont-Blanc, Laurentides<\/div><h3>MontBlanc - pool and lake, live the Laurentians!<\/h3><span>6 personnes<\/span><\/a><a target=\"__blank\" href=\"https:\/\/booking.makabane.com\/en\/properties\/661d2e3be063c60081c08e8f\" class=\"une--chalet\"><img decoding=\"async\" src=\"https:\/\/assets.guesty.com\/image\/upload\/v1776976362\/production\/65cb786f36da152bda20cb1d\/lcnxno4vcwgz28pxnjll.jpg\"><div class=\"ville-region\">Amherst, Laurentides<\/div><h3>Magical Moments Hot tub & Swimmable Lake<\/h3><span>8 personnes<\/span><\/a><a target=\"__blank\" href=\"https:\/\/booking.makabane.com\/en\/properties\/665a9274417cfa001308c8d1\" class=\"une--chalet\"><img decoding=\"async\" src=\"https:\/\/assets.guesty.com\/image\/upload\/v1766098338\/production\/65cb786f36da152bda20cb1d\/semkgzun0ms1qkoatwnb.jpg\"><div class=\"ville-region\">Saint-C\u00f4me, Lanaudi\u00e8re<\/div><h3>Chalet Isatis - Spa, Fireplace & Natural Setting<\/h3><span>12 personnes<\/span><\/a><a target=\"__blank\" href=\"https:\/\/booking.makabane.com\/en\/properties\/661d2db7a1436d007b15f453\" class=\"une--chalet\"><img decoding=\"async\" src=\"https:\/\/assets.guesty.com\/image\/upload\/v1713361814\/gr4bpv1qssmkuybcicma.jpg\"><div class=\"ville-region\">Chertsey, Lanaudi\u00e8re<\/div><h3>La Pause \u2013 Tranquility by the River<\/h3><span>7 personnes<\/span><\/a><a target=\"__blank\" href=\"https:\/\/booking.makabane.com\/en\/properties\/661d2d419c74d0001373999f\" class=\"une--chalet\"><img decoding=\"async\" src=\"https:\/\/assets.guesty.com\/image\/upload\/v1776725142\/production\/65cb786f36da152bda20cb1d\/ht0gifr9xnm92lkt2v8p.jpg\"><div class=\"ville-region\">Saint-C\u00f4me, Lanaudi\u00e8re<\/div><h3>L'\u00c9chapp\u00e9e Belle- Lakefront Bliss, Private Spa Near Val Saint-C\u00f4me<\/h3><span>8 personnes<\/span><\/a><a target=\"__blank\" href=\"https:\/\/booking.makabane.com\/en\/properties\/661d2e55e063c60081c09455\" class=\"une--chalet\"><img decoding=\"async\" src=\"https:\/\/assets.guesty.com\/image\/upload\/v1776726022\/production\/65cb786f36da152bda20cb1d\/czywz4evhsxok8ip9cg9.jpg\"><div class=\"ville-region\">Chertsey, Lanaudi\u00e8re<\/div><h3>Le Bois & Lumi\u00e8re - Woodland Retreat, Sauna, Fire & Snowy Trails<\/h3><span>6 personnes<\/span><\/a><a target=\"__blank\" href=\"https:\/\/booking.makabane.com\/en\/properties\/661d2e48731fd60080719528\" class=\"une--chalet\"><img decoding=\"async\" src=\"https:\/\/assets.guesty.com\/image\/upload\/v1776975946\/production\/65cb786f36da152bda20cb1d\/mchy0gcb4xpohaoglqe0.jpg\"><div class=\"ville-region\">Lac-Sup\u00e9rieur, Laurentides<\/div><h3>Cozy Chalet - Hot tub, fireplace, Near Tremblant<\/h3><span>6 personnes<\/span><\/a><a target=\"__blank\" href=\"https:\/\/booking.makabane.com\/en\/properties\/669a9bc228ec07001291cdc4\" class=\"une--chalet\"><img decoding=\"async\" src=\"https:\/\/guesty-listing-images.s3.amazonaws.com\/production\/original_1202348713901698064_1954954660.jpg\"><div class=\"ville-region\">Boileau, Laurentides<\/div><h3>Serenity - Tree house on the lake<\/h3><span>6 personnes<\/span><\/a><a target=\"__blank\" href=\"https:\/\/booking.makabane.com\/en\/properties\/661d2da42646080012250404\" class=\"une--chalet\"><img decoding=\"async\" src=\"https:\/\/assets.guesty.com\/image\/upload\/v1776726221\/production\/65cb786f36da152bda20cb1d\/ftfupxn90ewqsof8sld6.jpg\"><div class=\"ville-region\">Chertsey, Lanaudi\u00e8re<\/div><h3>Le Rep\u00f4s \u2013 Private lake access & cozy vibes<\/h3><span>13 personnes<\/span><\/a><a target=\"__blank\" href=\"https:\/\/booking.makabane.com\/en\/properties\/661d2d709c74d0001373a043\" class=\"une--chalet\"><img decoding=\"async\" src=\"https:\/\/assets.guesty.com\/image\/upload\/v1777223976\/production\/65cb786f36da152bda20cb1d\/zq1xv6fiiaatushwtnwi.jpg\"><div class=\"ville-region\">Mont-Blanc, Laurentides<\/div><h3>Lake, MTB & Beach | Mont-Blanc Condo 2<\/h3><span>6 personnes<\/span><\/a><a target=\"__blank\" href=\"https:\/\/booking.makabane.com\/en\/properties\/685728a95f2eef00131bd618?\" class=\"une--chalet\"><img decoding=\"async\" src=\"https:\/\/assets.guesty.com\/image\/upload\/v1776728567\/production\/65cb786f36da152bda20cb1d\/isvhwuebhipthesy9wja.jpg\"><div class=\"ville-region\">Dunham, Estrie<\/div><h3>Le Selby | Waterfront Escape, Views & Vineyards<\/h3><span>8 personnes<\/span><\/a><a target=\"__blank\" href=\"https:\/\/booking.makabane.com\/en\/properties\/661d2daaf55857007a369d0b\" class=\"une--chalet\"><img decoding=\"async\" src=\"https:\/\/assets.guesty.com\/image\/upload\/v1776726106\/production\/65cb786f36da152bda20cb1d\/ltmzooe1qq1k5n7dyyss.jpg\"><div class=\"ville-region\">Chertsey, Lanaudi\u00e8re<\/div><h3>Le Pesca - Lakefront Retreat w\/Hot Tub, 20min to Montcalm Ski<\/h3><span>10 personnes<\/span><\/a><a target=\"__blank\" href=\"https:\/\/booking.makabane.com\/en\/properties\/661d3438e063c60081c0c202\" class=\"une--chalet\"><img decoding=\"async\" src=\"https:\/\/assets.guesty.com\/image\/upload\/v1777224299\/production\/65cb786f36da152bda20cb1d\/rxjk1slyhbahos22dsry.jpg\"><div class=\"ville-region\">Mont-Blanc, Laurentides<\/div><h3>Mont-Blanc Condo 11 | Near Tremblant, Lake & MTB<\/h3><span>6 personnes<\/span><\/a><a target=\"__blank\" href=\"https:\/\/booking.makabane.com\/en\/properties\/69c71a95f0d83700152e56a7?_gl=1*el14f*_gcl_au*MTc4NjY1NDY1NS4xNzczMzI1MzI3*_ga*MTM4Mjk5ODg4OC4xNzA4NDA1MTU1*_ga_BM1NQKC2HH*czE3NzQzOTAxMjIkbzM1NSRnMSR0MTc3NDM5MDEyNSRqNTckbDAkaDA.&city=Sainte-B%C3%A9atrix&country=Canada&minOccupancy=1\" class=\"une--chalet\"><img decoding=\"async\" src=\"https:\/\/assets.guesty.com\/image\/upload\/listing_images_s3\/production\/property-photos\/37f6dfd25631d6c7cb40268c0de236d7368192d002c5d990\/69c71a95f0d83700152e56a7\/f844009b-d48b-4a-KkBsD\"><div class=\"ville-region\">Sainte-B\u00e9atrix, Lanaudi\u00e8re<\/div><h3>La Maison Magique- Private Hot Tub & Lake Access!<\/h3><span>8 personnes<\/span><\/a><a target=\"__blank\" href=\"https:\/\/booking.makabane.com\/en\/properties\/661d2da5bd3cc70011a668a1\" class=\"une--chalet\"><img decoding=\"async\" src=\"https:\/\/assets.guesty.com\/image\/upload\/v1776728685\/production\/65cb786f36da152bda20cb1d\/vo9dev3lywriutn6d2xs.jpg\"><div class=\"ville-region\">Mansonville, Estrie<\/div><h3>Spring Nature Retreat w\/Hot Tub Near Owl\u2019s Head<\/h3><span>4 personnes<\/span><\/a><a target=\"__blank\" href=\"https:\/\/booking.makabane.com\/en\/properties\/661d2de1bd3cc70011a66ca9\" class=\"une--chalet\"><img decoding=\"async\" src=\"https:\/\/assets.guesty.com\/image\/upload\/v1776728657\/production\/65cb786f36da152bda20cb1d\/ppxf71pouzrwavpekxvz.jpg\"><div class=\"ville-region\">Eastman, Estrie<\/div><h3>La Tranquilla - calm & comfort<\/h3><span>4 personnes<\/span><\/a><a target=\"__blank\" href=\"https:\/\/booking.makabane.com\/en\/properties\/661d2db3d56105001181221b\" class=\"une--chalet\"><img decoding=\"async\" src=\"https:\/\/assets.guesty.com\/image\/upload\/v1776728516\/production\/65cb786f36da152bda20cb1d\/oy9qmatom8zzvlnmzcgb.jpg\"><div class=\"ville-region\">Mansonville, Estrie<\/div><h3>Le 88 Howard - Spa, Sauna, River & Cute Bridge!<\/h3><span>5 personnes<\/span><\/a><a target=\"__blank\" href=\"https:\/\/booking.makabane.com\/en\/properties\/661d2d9d6d19c4007ae9ab04\" class=\"une--chalet\"><img decoding=\"async\" src=\"https:\/\/assets.guesty.com\/image\/upload\/v1766097238\/production\/65cb786f36da152bda20cb1d\/cvjzupdrw6nympihypzk.jpg\"><div class=\"ville-region\">Chertsey, Lanaudi\u00e8re<\/div><h3>Zazz \u2013 Relaxing Spa, Lake Access & Fireplace<\/h3><span>8 personnes<\/span><\/a><a target=\"__blank\" href=\"https:\/\/booking.makabane.com\/en\/properties\/661d2ec06ba7240079071ac5\" class=\"une--chalet\"><img decoding=\"async\" src=\"https:\/\/assets.guesty.com\/image\/upload\/v1765503081\/production\/65cb786f36da152bda20cb1d\/sotc6hl1elhzovtwiold.jpg\"><div class=\"ville-region\">Saint-Adolphe-d'Howard, Laurentides<\/div><h3>Luxury chalet retreat Wood fire,  Hot Tub & Sauna<\/h3><span>12 personnes<\/span><\/a><a target=\"__blank\" href=\"https:\/\/booking.makabane.com\/en\/properties\/661d2d6826bc3700132f05cb\" class=\"une--chalet\"><img decoding=\"async\" src=\"https:\/\/assets.guesty.com\/image\/upload\/v1776729254\/production\/65cb786f36da152bda20cb1d\/ian7um098oa9qddrioye.jpg\"><div class=\"ville-region\">Eastman, Estrie<\/div><h3>Le Sunset - Lakefront vintage charm , bike<\/h3><span>8 personnes<\/span><\/a><a target=\"__blank\" href=\"https:\/\/booking.makabane.com\/en\/properties\/66db59fa2706bd0010ea906b\" class=\"une--chalet\"><img decoding=\"async\" src=\"https:\/\/assets.guesty.com\/image\/upload\/v1725647226\/production\/65cb786f36da152bda20cb1d\/kxlmrositgr5xothrvwm.jpg\"><div class=\"ville-region\">Saint-Calixte, Lanaudi\u00e8re<\/div><h3>Le Lac Apaisant - Winter Lakeside Escape, Hot Tub & Dock<\/h3><span>6 personnes<\/span><\/a><a target=\"__blank\" href=\"https:\/\/booking.makabane.com\/en\/properties\/661d2c8d3ef23a007b96f592\" class=\"une--chalet\"><img decoding=\"async\" src=\"https:\/\/assets.guesty.com\/image\/upload\/v1766352770\/production\/65cb786f36da152bda20cb1d\/yhyalkxtqxjxycidsxly.jpg\"><div class=\"ville-region\">Eastman, Estrie<\/div><h3>Lakeside Chalet, Sauna, Mont Orford & Village<\/h3><span>8 personnes<\/span><\/a><a target=\"__blank\" href=\"https:\/\/booking.makabane.com\/en\/properties\/661d2eae90506100804e5a75\" class=\"une--chalet\"><img decoding=\"async\" src=\"https:\/\/assets.guesty.com\/image\/upload\/v1776976581\/production\/65cb786f36da152bda20cb1d\/vgltww7koehltjjhss7m.jpg\"><div class=\"ville-region\">Saint-Adolphe-d'Howard, Laurentides<\/div><h3>Cozy Chalet lake, hot tub and Stunning Views<\/h3><span>8 personnes<\/span><\/a><a target=\"__blank\" href=\"\" class=\"une--chalet\"><img decoding=\"async\" src=\"https:\/\/assets.guesty.com\/image\/upload\/v1766354118\/production\/65cb786f36da152bda20cb1d\/bbvyrtyziltr5jarlfit.jpg\"><div class=\"ville-region\">Mansonville, Estrie<\/div><h3>Wild Pond Villa <\/h3><span>6 personnes<\/span><\/a><a target=\"__blank\" href=\"https:\/\/booking.makabane.com\/en\/properties\/661d2c8c3e22f800818d6327\" class=\"une--chalet\"><img decoding=\"async\" src=\"https:\/\/assets.guesty.com\/image\/upload\/v1725049584\/production\/65cb786f36da152bda20cb1d\/rrsrdprsa98v09wrkhk6.jpg\"><div class=\"ville-region\">Saint-Adolphe-d'Howard, Laurentides<\/div><h3>Entre Monts et Lac - Lake Access, Fire & Relax<\/h3><span>12 personnes<\/span><\/a><\/div>\t\t<div class=\"elementor-shortcode\"><\/div>\n\t\t\t\t\t\t<\/div>\n\t\t\t\t<\/div>\n\t\t\t\t\t<\/div>\n\t\t<\/div>\n\t\t\t\t\t<\/div>\n\t\t<\/section>\n\t\t\t\t<\/div>\n\t\t","protected":false},"excerpt":{"rendered":"<p>Waterfront cottages<\/p>\n","protected":false},"author":6,"featured_media":0,"parent":0,"menu_order":0,"comment_status":"closed","ping_status":"closed","template":"elementor_header_footer","meta":{"footnotes":""},"class_list":["post-19063","page","type-page","status-publish","hentry"],"acf":[],"yoast_head":"<!-- This site is optimized with the Yoast SEO plugin v27.0 - https:\/\/yoast.com\/product\/yoast-seo-wordpress\/ -->\n<title>Our waterside cottages - Ma Kabane<\/title>\n<meta name=\"description\" content=\"Waterfront cottages Ma Kabane: lakeside chalets in Laurentides, Lanaudi\u00e8re &amp; Estrie with private lake access, docks &amp; stunning views. Book your escape!\" \/>\n<meta name=\"robots\" content=\"index, follow, max-snippet:-1, max-image-preview:large, max-video-preview:-1\" \/>\n<link rel=\"canonical\" href=\"https:\/\/makabane.com\/en\/our-waterside-cottages\/\" \/>\n<meta property=\"og:locale\" content=\"en_US\" \/>\n<meta property=\"og:type\" content=\"article\" \/>\n<meta property=\"og:title\" content=\"Our waterside cottages - Ma Kabane\" \/>\n<meta property=\"og:description\" content=\"Waterfront cottages Ma Kabane: lakeside chalets in Laurentides, Lanaudi\u00e8re &amp; Estrie with private lake access, docks &amp; stunning views. Book your escape!\" \/>\n<meta property=\"og:url\" content=\"https:\/\/makabane.com\/en\/our-waterside-cottages\/\" \/>\n<meta property=\"og:site_name\" content=\"Ma Kabane\" \/>\n<meta property=\"article:modified_time\" content=\"2026-03-02T06:58:33+00:00\" \/>\n<meta name=\"twitter:card\" content=\"summary_large_image\" \/>\n<meta name=\"twitter:title\" content=\"Our waterside cottages - Ma Kabane\" \/>\n<meta name=\"twitter:description\" content=\"Waterfront cottages Ma Kabane: lakeside chalets in Laurentides, Lanaudi\u00e8re &amp; Estrie with private lake access, docks &amp; stunning views. Book your escape!\" \/>\n<meta name=\"twitter:label1\" content=\"Est. reading time\" \/>\n\t<meta name=\"twitter:data1\" content=\"1 minute\" \/>\n<script type=\"application\/ld+json\" class=\"yoast-schema-graph\">{\"@context\":\"https:\/\/schema.org\",\"@graph\":[{\"@type\":\"WebPage\",\"@id\":\"https:\/\/makabane.com\/en\/our-waterside-cottages\/\",\"url\":\"https:\/\/makabane.com\/en\/our-waterside-cottages\/\",\"name\":\"Our waterside cottages - Ma Kabane\",\"isPartOf\":{\"@id\":\"https:\/\/makabane.com\/#website\"},\"datePublished\":\"2023-05-11T17:29:31+00:00\",\"dateModified\":\"2026-03-02T06:58:33+00:00\",\"description\":\"Waterfront cottages Ma Kabane: lakeside chalets in Laurentides, Lanaudi\u00e8re & Estrie with private lake access, docks & stunning views. Book your escape!\",\"breadcrumb\":{\"@id\":\"https:\/\/makabane.com\/en\/our-waterside-cottages\/#breadcrumb\"},\"inLanguage\":\"en-CA\",\"potentialAction\":[{\"@type\":\"ReadAction\",\"target\":[\"https:\/\/makabane.com\/en\/our-waterside-cottages\/\"]}]},{\"@type\":\"BreadcrumbList\",\"@id\":\"https:\/\/makabane.com\/en\/our-waterside-cottages\/#breadcrumb\",\"itemListElement\":[{\"@type\":\"ListItem\",\"position\":1,\"name\":\"Accueil\",\"item\":\"https:\/\/makabane.com\/en\/\"},{\"@type\":\"ListItem\",\"position\":2,\"name\":\"Our waterside cottages\"}]},{\"@type\":\"WebSite\",\"@id\":\"https:\/\/makabane.com\/#website\",\"url\":\"https:\/\/makabane.com\/\",\"name\":\"Ma Kabane\",\"description\":\"Location court terme\",\"publisher\":{\"@id\":\"https:\/\/makabane.com\/#organization\"},\"potentialAction\":[{\"@type\":\"SearchAction\",\"target\":{\"@type\":\"EntryPoint\",\"urlTemplate\":\"https:\/\/makabane.com\/?s={search_term_string}\"},\"query-input\":{\"@type\":\"PropertyValueSpecification\",\"valueRequired\":true,\"valueName\":\"search_term_string\"}}],\"inLanguage\":\"en-CA\"},{\"@type\":\"Organization\",\"@id\":\"https:\/\/makabane.com\/#organization\",\"name\":\"Ma Kabane\",\"url\":\"https:\/\/makabane.com\/\",\"logo\":{\"@type\":\"ImageObject\",\"inLanguage\":\"en-CA\",\"@id\":\"https:\/\/makabane.com\/#\/schema\/logo\/image\/\",\"url\":\"https:\/\/makabane.com\/wp-content\/uploads\/2022\/06\/logo_kabane-1.svg\",\"contentUrl\":\"https:\/\/makabane.com\/wp-content\/uploads\/2022\/06\/logo_kabane-1.svg\",\"width\":60,\"height\":74,\"caption\":\"Ma Kabane\"},\"image\":{\"@id\":\"https:\/\/makabane.com\/#\/schema\/logo\/image\/\"}}]}<\/script>\n<!-- \/ Yoast SEO plugin. -->","yoast_head_json":{"title":"Our waterside cottages - Ma Kabane","description":"Waterfront cottages Ma Kabane: lakeside chalets in Laurentides, Lanaudi\u00e8re & Estrie with private lake access, docks & stunning views. Book your escape!","robots":{"index":"index","follow":"follow","max-snippet":"max-snippet:-1","max-image-preview":"max-image-preview:large","max-video-preview":"max-video-preview:-1"},"canonical":"https:\/\/makabane.com\/en\/our-waterside-cottages\/","og_locale":"en_US","og_type":"article","og_title":"Our waterside cottages - Ma Kabane","og_description":"Waterfront cottages Ma Kabane: lakeside chalets in Laurentides, Lanaudi\u00e8re & Estrie with private lake access, docks & stunning views. Book your escape!","og_url":"https:\/\/makabane.com\/en\/our-waterside-cottages\/","og_site_name":"Ma Kabane","article_modified_time":"2026-03-02T06:58:33+00:00","twitter_card":"summary_large_image","twitter_title":"Our waterside cottages - Ma Kabane","twitter_description":"Waterfront cottages Ma Kabane: lakeside chalets in Laurentides, Lanaudi\u00e8re & Estrie with private lake access, docks & stunning views. Book your escape!","twitter_misc":{"Est. reading time":"1 minute"},"schema":{"@context":"https:\/\/schema.org","@graph":[{"@type":"WebPage","@id":"https:\/\/makabane.com\/en\/our-waterside-cottages\/","url":"https:\/\/makabane.com\/en\/our-waterside-cottages\/","name":"Our waterside cottages - Ma Kabane","isPartOf":{"@id":"https:\/\/makabane.com\/#website"},"datePublished":"2023-05-11T17:29:31+00:00","dateModified":"2026-03-02T06:58:33+00:00","description":"Waterfront cottages Ma Kabane: lakeside chalets in Laurentides, Lanaudi\u00e8re & Estrie with private lake access, docks & stunning views. Book your escape!","breadcrumb":{"@id":"https:\/\/makabane.com\/en\/our-waterside-cottages\/#breadcrumb"},"inLanguage":"en-CA","potentialAction":[{"@type":"ReadAction","target":["https:\/\/makabane.com\/en\/our-waterside-cottages\/"]}]},{"@type":"BreadcrumbList","@id":"https:\/\/makabane.com\/en\/our-waterside-cottages\/#breadcrumb","itemListElement":[{"@type":"ListItem","position":1,"name":"Accueil","item":"https:\/\/makabane.com\/en\/"},{"@type":"ListItem","position":2,"name":"Our waterside cottages"}]},{"@type":"WebSite","@id":"https:\/\/makabane.com\/#website","url":"https:\/\/makabane.com\/","name":"Ma Kabane","description":"Location court terme","publisher":{"@id":"https:\/\/makabane.com\/#organization"},"potentialAction":[{"@type":"SearchAction","target":{"@type":"EntryPoint","urlTemplate":"https:\/\/makabane.com\/?s={search_term_string}"},"query-input":{"@type":"PropertyValueSpecification","valueRequired":true,"valueName":"search_term_string"}}],"inLanguage":"en-CA"},{"@type":"Organization","@id":"https:\/\/makabane.com\/#organization","name":"Ma Kabane","url":"https:\/\/makabane.com\/","logo":{"@type":"ImageObject","inLanguage":"en-CA","@id":"https:\/\/makabane.com\/#\/schema\/logo\/image\/","url":"https:\/\/makabane.com\/wp-content\/uploads\/2022\/06\/logo_kabane-1.svg","contentUrl":"https:\/\/makabane.com\/wp-content\/uploads\/2022\/06\/logo_kabane-1.svg","width":60,"height":74,"caption":"Ma Kabane"},"image":{"@id":"https:\/\/makabane.com\/#\/schema\/logo\/image\/"}}]}},"_links":{"self":[{"href":"https:\/\/makabane.com\/en\/wp-json\/wp\/v2\/pages\/19063","targetHints":{"allow":["GET"]}}],"collection":[{"href":"https:\/\/makabane.com\/en\/wp-json\/wp\/v2\/pages"}],"about":[{"href":"https:\/\/makabane.com\/en\/wp-json\/wp\/v2\/types\/page"}],"author":[{"embeddable":true,"href":"https:\/\/makabane.com\/en\/wp-json\/wp\/v2\/users\/6"}],"replies":[{"embeddable":true,"href":"https:\/\/makabane.com\/en\/wp-json\/wp\/v2\/comments?post=19063"}],"version-history":[{"count":0,"href":"https:\/\/makabane.com\/en\/wp-json\/wp\/v2\/pages\/19063\/revisions"}],"wp:attachment":[{"href":"https:\/\/makabane.com\/en\/wp-json\/wp\/v2\/media?parent=19063"}],"curies":[{"name":"wp","href":"https:\/\/api.w.org\/{rel}","templated":true}]}}